{"id":20509,"date":"2024-12-20T16:59:06","date_gmt":"2024-12-20T16:59:06","guid":{"rendered":"https:\/\/lara-app.com\/?page_id=20509"},"modified":"2025-06-10T13:53:43","modified_gmt":"2025-06-10T13:53:43","slug":"clause-de-non-responsabilite","status":"publish","type":"page","link":"https:\/\/lara-app.com\/fr\/clause-de-non-responsabilite\/","title":{"rendered":"Clause de non-responsabilit\u00e9"},"content":{"rendered":"<div class=\"wpb-content-wrapper\"><p>[vc_row][vc_column][vc_column_text css=&#8221;&#8221;]Bienvenue sur LARA\u00a0!<\/p>\n<p>L&#8217;observation du manteau neigeux est l&#8217;un des outils les plus importants pour \u00e9valuer le risque d&#8217;avalanche. Cependant, obtenir des informations sur le manteau neigeux n\u00e9cessite la collecte de donn\u00e9es pertinentes et leur \u00e9valuation pr\u00e9cise, ce qui est source d&#8217;incertitude pour de nombreux alpinistes. L&#8217;application LARA vous accompagne dans cette d\u00e9marche en invitant les utilisateurs \u00e0 saisir les donn\u00e9es n\u00e9cessaires \u00e9tape par \u00e9tape et en les guidant vers leur propre \u00e9valuation, qu&#8217;ils peuvent ensuite comparer \u00e0 celle g\u00e9n\u00e9r\u00e9e par LARA \u00e0 partir des donn\u00e9es saisies. Cela fournit des informations locales sur le manteau neigeux, une aide pr\u00e9cieuse pour les autres alpinistes lors de la planification de leurs excursions, car les recommandations du service officiel d&#8217;alerte aux avalanches, applicables \u00e0 de tr\u00e8s vastes zones, sont compl\u00e9t\u00e9es et pr\u00e9cis\u00e9es par les informations locales.<\/p>\n<p>LARA est le fruit du \u00ab\u00a0diagnostic syst\u00e9matique du manteau neigeux\u00a0\u00bb d\u00e9velopp\u00e9 par Georg Kronthaler (G. Kronthaler, S\u00e9curit\u00e9 en montagne, 2003). Cette m\u00e9thode repose sur le \u00ab\u00a0test par petits blocs\u00a0\u00bb et l&#8217;\u00e9valuation syst\u00e9matique de ses r\u00e9sultats, d&#8217;une part, et sur la \u00ab\u00a0pens\u00e9e par processus\u00a0\u00bb, d&#8217;autre part, qui aborde la question de la transf\u00e9rabilit\u00e9 des r\u00e9sultats du test par blocs \u00e0 un domaine plus vaste. L&#8217;algorithme sous-jacent \u00e0 l&#8217;application s&#8217;appuie sur des travaux scientifiques et sur l&#8217;exp\u00e9rience acquise par Georg Kronthaler au cours des derni\u00e8res d\u00e9cennies.<\/p>\n<p>&nbsp;<\/p>\n<p>LARA comme aide \u00e0 la collecte et \u00e0 l&#8217;\u00e9valuation des donn\u00e9es<\/p>\n<p><strong>\u2714 <\/strong>L&#8217;obtention d&#8217;informations locales avec LARA repose sur le test dit \u00ab\u00a0des petits blocs\u00a0\u00bb, qui permet de tirer des conclusions sur les propri\u00e9t\u00e9s des couches fragiles et de la couche de neige sus-jacente. LARA fournit des indications pour une interpr\u00e9tation syst\u00e9matique des r\u00e9sultats du test des petits blocs.<\/p>\n<p>\u2716\u00a0Une bonne connaissance pr\u00e9alable du \u00ab Small Block Test \u00bb est une condition pr\u00e9alable \u00e0 l&#8217;utilisation de LARA et n&#8217;est pas fournie par LARA.<\/p>\n<p>\u2716\u00a0La transf\u00e9rabilit\u00e9 des r\u00e9sultats des tests en bloc \u00e0 une zone plus vaste n\u00e9cessite une r\u00e9flexion plus approfondie, fond\u00e9e sur ce que l&#8217;on appelle la \u00ab\u00a0r\u00e9flexion processus\u00a0\u00bb, qui n&#8217;est pas l&#8217;objet de LARA. Par cons\u00e9quent, LARA ne se prononce pas sur l&#8217;accessibilit\u00e9 de la zone.<\/p>\n<p><strong>LARA comme instrument de contr\u00f4le<\/strong><\/p>\n<p><strong>\u2714 <\/strong>L&#8217;utilisateur peut comparer l&#8217;\u00e9valuation du potentiel de risque r\u00e9alis\u00e9e apr\u00e8s la collecte de donn\u00e9es \u00e0 l&#8217;aide du \u00ab Small Block Test \u00bb avec une \u00e9valuation g\u00e9n\u00e9r\u00e9e par LARA \u00e0 des fins de contr\u00f4le.<\/p>\n<p>\u2716 LARA ne peut pas contr\u00f4ler les donn\u00e9es saisies par l&#8217;utilisateur, mais exige une collecte de donn\u00e9es pr\u00e9cise par l&#8217;utilisateur lors de la g\u00e9n\u00e9ration d&#8217;une note.<\/p>\n<p><strong>LARA comme source d&#8217;information<\/strong><\/p>\n<p><strong>\u2714 <\/strong>Les donn\u00e9es enregistr\u00e9es dans LARA \u2013 c&#8217;est-\u00e0-dire l&#8217;\u00e9valuation personnelle du danger d&#8217;avalanche local par les utilisateurs actifs ainsi que les informations g\u00e9n\u00e9rales disponibles sur les conditions de neige et la qualit\u00e9 de la neige dans les r\u00e9gions respectives \u2013 fournissent \u00e0 chaque utilisateur une base d&#8217;orientation pour la planification et l&#8217;ex\u00e9cution de son itin\u00e9raire.<\/p>\n<p>\u2716 LARA ne remplace pas le bulletin d&#8217;avalanche quotidien des services officiels d&#8217;alerte aux avalanches, ni l&#8217;\u00e9valuation du danger d&#8217;avalanche par l&#8217;alpiniste sur place. LARA ne dispense pas non plus l&#8217;alpiniste de respecter les r\u00e8gles de conduite standard des associations alpines.<\/p>\n<p><strong>LARA pour documenter les processus d\u00e9cisionnels<\/strong><\/p>\n<p><strong>\u2714 <\/strong>Les d\u00e9cideurs qui ont besoin de documentation pour des raisons de responsabilit\u00e9 peuvent utiliser LARA pour \u00e9tablir la base de leur prise de d\u00e9cision.<\/p>\n<p>\u2716 LARA ne stocke les donn\u00e9es que temporairement pendant 24 heures ; pour une sauvegarde permanente des donn\u00e9es, l&#8217;utilisateur doit prendre une capture d&#8217;\u00e9cran du site Web ou sur un appareil mobile.<\/p>\n<p><strong>Le fournisseur d\u00e9cline toute responsabilit\u00e9 quant \u00e0 l&#8217;exactitude, la qualit\u00e9, l&#8217;exhaustivit\u00e9 ou la fiabilit\u00e9 du contenu publi\u00e9 par les utilisateurs. L&#8217;acc\u00e8s et l&#8217;utilisation des zones d\u00e9crites ou indiqu\u00e9es sur l&#8217;application se font \u00e0 vos propres risques.<\/strong>[\/vc_column_text][\/vc_column][\/vc_row]<\/p>\n<\/div>","protected":false},"excerpt":{"rendered":"<p>[vc_row][vc_column][vc_column_text css=&#8221;&#8221;]Bienvenue sur LARA\u00a0! L&#8217;observation du manteau neigeux est l&#8217;un des outils les plus importants pour \u00e9valuer le risque d&#8217;avalanche. Cependant, obtenir des informations sur le manteau neigeux n\u00e9cessite la collecte de donn\u00e9es pertinentes et leur \u00e9valuation pr\u00e9cise, ce qui est source d&#8217;incertitude pour de nombreux alpinistes. L&#8217;application LARA vous accompagne dans cette d\u00e9marche en [&hellip;]<\/p>\n","protected":false},"author":6,"featured_media":20387,"parent":0,"menu_order":0,"comment_status":"closed","ping_status":"closed","template":"","meta":{"footnotes":""},"class_list":["post-20509","page","type-page","status-publish","has-post-thumbnail","hentry"],"_links":{"self":[{"href":"https:\/\/lara-app.com\/fr\/wp-json\/wp\/v2\/pages\/20509","targetHints":{"allow":["GET"]}}],"collection":[{"href":"https:\/\/lara-app.com\/fr\/wp-json\/wp\/v2\/pages"}],"about":[{"href":"https:\/\/lara-app.com\/fr\/wp-json\/wp\/v2\/types\/page"}],"author":[{"embeddable":true,"href":"https:\/\/lara-app.com\/fr\/wp-json\/wp\/v2\/users\/6"}],"replies":[{"embeddable":true,"href":"https:\/\/lara-app.com\/fr\/wp-json\/wp\/v2\/comments?post=20509"}],"version-history":[{"count":0,"href":"https:\/\/lara-app.com\/fr\/wp-json\/wp\/v2\/pages\/20509\/revisions"}],"wp:featuredmedia":[{"embeddable":true,"href":"https:\/\/lara-app.com\/fr\/wp-json\/wp\/v2\/media\/20387"}],"wp:attachment":[{"href":"https:\/\/lara-app.com\/fr\/wp-json\/wp\/v2\/media?parent=20509"}],"curies":[{"name":"wp","href":"https:\/\/api.w.org\/{rel}","templated":true}]}}