{"id":20511,"date":"2021-11-22T17:20:55","date_gmt":"2021-11-22T17:20:55","guid":{"rendered":"https:\/\/lara-app.com\/?page_id=20511"},"modified":"2025-06-10T14:06:39","modified_gmt":"2025-06-10T14:06:39","slug":"imprimer","status":"publish","type":"page","link":"https:\/\/lara-app.com\/fr\/imprimer\/","title":{"rendered":"imprimer"},"content":{"rendered":"<div class=\"wpb-content-wrapper\"><p>[vc_row][vc_column][vc_column_text css=&#8221;&#8221;]<\/p>\n<h3 style=\"text-align: center;\">Prestataire de services selon \u00a7 5 DDG<\/h3>\n<p style=\"text-align: center;\">LARA UE.<br \/>\nHausern 22<br \/>\n6346 Niederndorferberg &#8211; \u00d6sterreich<br \/>\nt\u00e9l\u00e9phone: <u><a href=\"tel:+436704044488\">(+43) 670 404 448 8<\/a><\/u><br \/>\nE-Mail:\u00a0<u><a href=\"mailto:info@lara-app.com\">info@lara-app.com<\/a><\/u><\/p>\n<p style=\"text-align: center;\">Num\u00e9ro d&#8217;identification de TVA : <strong>Non disponible<\/strong><br \/>\nInscrit au registre du commerce du tribunal <strong>r\u00e9gional Innsbruck<\/strong><br \/>\nNum\u00e9ro de registre du commerce: <strong>FN 522561 y<\/strong><br \/>\nLieu de juridiction: <strong>Innsbruck<\/strong><br \/>\nGestion: Georg Kronthaler<\/p>\n<p style=\"text-align: center;\">Responsable du contenu journalistique et \u00e9ditorial selon \u00a7 55 II RstV:<br \/>\nGeorg Kronthaler<br \/>\nR\u00e8glement des litiges en ligne selon l&#8217;art. 14 al. 1 ODR-VO :<br \/>\nLa Commission europ\u00e9enne met \u00e0 disposition une plateforme de r\u00e9solution des litiges en ligne (OS), que vous pouvez trouver \u00e0 l&#8217;adresse suivante : <a href=\"http:\/\/ec.europa.eu\/consumers\/odr\/\">http:\/\/ec.europa.eu\/consumers\/odr\/<\/a> trouver.<\/p>\n<p>[\/vc_column_text][\/vc_column][\/vc_row]<\/p>\n<\/div>","protected":false},"excerpt":{"rendered":"<p>[vc_row][vc_column][vc_column_text css=&#8221;&#8221;] Prestataire de services selon \u00a7 5 DDG LARA UE. Hausern 22 6346 Niederndorferberg &#8211; \u00d6sterreich t\u00e9l\u00e9phone: (+43) 670 404 448 8 E-Mail:\u00a0info@lara-app.com Num\u00e9ro d&#8217;identification de TVA : Non disponible Inscrit au registre du commerce du tribunal r\u00e9gional Innsbruck Num\u00e9ro de registre du commerce: FN 522561 y Lieu de juridiction: Innsbruck Gestion: Georg Kronthaler [&hellip;]<\/p>\n","protected":false},"author":6,"featured_media":20387,"parent":0,"menu_order":0,"comment_status":"closed","ping_status":"closed","template":"","meta":{"footnotes":""},"class_list":["post-20511","page","type-page","status-publish","has-post-thumbnail","hentry"],"_links":{"self":[{"href":"https:\/\/lara-app.com\/fr\/wp-json\/wp\/v2\/pages\/20511","targetHints":{"allow":["GET"]}}],"collection":[{"href":"https:\/\/lara-app.com\/fr\/wp-json\/wp\/v2\/pages"}],"about":[{"href":"https:\/\/lara-app.com\/fr\/wp-json\/wp\/v2\/types\/page"}],"author":[{"embeddable":true,"href":"https:\/\/lara-app.com\/fr\/wp-json\/wp\/v2\/users\/6"}],"replies":[{"embeddable":true,"href":"https:\/\/lara-app.com\/fr\/wp-json\/wp\/v2\/comments?post=20511"}],"version-history":[{"count":0,"href":"https:\/\/lara-app.com\/fr\/wp-json\/wp\/v2\/pages\/20511\/revisions"}],"wp:featuredmedia":[{"embeddable":true,"href":"https:\/\/lara-app.com\/fr\/wp-json\/wp\/v2\/media\/20387"}],"wp:attachment":[{"href":"https:\/\/lara-app.com\/fr\/wp-json\/wp\/v2\/media?parent=20511"}],"curies":[{"name":"wp","href":"https:\/\/api.w.org\/{rel}","templated":true}]}}