{"id":20521,"date":"2023-02-07T13:54:57","date_gmt":"2023-02-07T13:54:57","guid":{"rendered":"https:\/\/lara-app.com\/?page_id=20521"},"modified":"2025-06-10T13:47:57","modified_gmt":"2025-06-10T13:47:57","slug":"cours-davalanche","status":"publish","type":"page","link":"https:\/\/lara-app.com\/fr\/cours-davalanche\/","title":{"rendered":"Cours d&#8217;avalanche"},"content":{"rendered":"<div class=\"wpb-content-wrapper\"><p>[vc_row content_placement=&#8221;middle&#8221;][vc_column width=&#8221;1\/6&#8243;][\/vc_column][vc_column width=&#8221;2\/3&#8243;][vc_column_text css=&#8221;&#8221;]<\/p>\n<h2 style=\"text-align: center;\">R\u00e9servation de cours en ligne<\/h2>\n<p>[\/vc_column_text][vc_btn title=&#8221;Aux cours&#8221; style=&#8221;custom&#8221; custom_background=&#8221;#529FDE&#8221; custom_text=&#8221;#FFFFFF&#8221; align=&#8221;center&#8221; css=&#8221;&#8221; link=&#8221;url:https%3A%2F%2Flara-app.com%2Fkurse%2F|title:Kurse&#8221;][\/vc_column][vc_column width=&#8221;1\/6&#8243;][\/vc_column][\/vc_row][vc_row][vc_column width=&#8221;1\/6&#8243;][\/vc_column][vc_column width=&#8221;2\/3&#8243;][vc_column_text css=&#8221;&#8221;]<\/p>\n<p style=\"text-align: center;\">Les avalanches constituent l&#8217;un des plus grands dangers en terrain alpin. Elles peuvent entra\u00eener des blessures graves, voire mortelles. Il est donc important de bien comprendre les dangers des avalanches et d&#8217;apprendre des strat\u00e9gies efficaces pour bien se comporter et \u00e9valuer les risques en terrain hivernal.<\/p>\n<p style=\"text-align: center;\">Notre formation avalanche vous permettra d&#8217;acqu\u00e9rir l&#8217;expertise n\u00e9cessaire pour mieux \u00e9valuer ce risque naturel et ainsi \u00e9viter les situations potentiellement mortelles. Les avalanches de plaque constituent le plus grand danger pour les amateurs de sports d&#8217;hiver. 90 % des d\u00e9c\u00e8s par avalanche surviennent dans ce type d&#8217;avalanche. Par cons\u00e9quent, pour les sportifs amateurs qui s&#8217;aventurent hors des pistes de ski s\u00e9curis\u00e9es, \u00e9viter d&#8217;\u00eatre pris dans une avalanche devrait \u00eatre une priorit\u00e9 absolue.<\/p>\n<p>[\/vc_column_text][\/vc_column][vc_column width=&#8221;1\/6&#8243;][\/vc_column][\/vc_row][vc_row][vc_column width=&#8221;1\/2&#8243;][vc_column_text css=&#8221;&#8221;]<\/p>\n<h2>Nos cours d&#8217;avalanche<\/h2>\n<p>Nos cours d&#8217;avalanche enseignent les comp\u00e9tences essentielles n\u00e9cessaires en terrain alpin pour anticiper les risques d&#8217;avalanche. Apr\u00e8s tout, le manque de connaissances et la m\u00e9connaissance des dangers qui en d\u00e9coule sont des causes fr\u00e9quentes d&#8217;accidents d&#8217;avalanche. Par cons\u00e9quent, une connaissance approfondie de l&#8217;analyse de la neige et de la pr\u00e9vision des avalanches est essentielle pour survivre en hors-piste.<\/p>\n<p>Nos cours d&#8217;avalanche vous offrent une solide introduction \u00e0 la pr\u00e9vention des avalanches et aux dangers en terrain alpin.<\/p>\n<ol>\n<li><strong>Cours complet d&#8217;avalanche (2 jours)<\/strong> &#8211; vSSD &amp; SSD \u2013 <u>235\u20ac par personne<\/u><\/li>\n<li>Groupe ferm\u00e9 \u2013 Sur demande<\/li>\n<\/ol>\n<p>Pour chaque cours r\u00e9serv\u00e9 par personne, il y a un <strong><a href=\"https:\/\/play.google.com\/store\/apps\/details?id=d4.software.lara\">LARA Licence<\/a> <\/strong>pour 1 an incl.[\/vc_column_text][vc_column_text css=&#8221;&#8221;]<\/p>\n<h3>Qu&#8217;allez-vous apprendre au cours de ce cours de 2 jours ?<\/h3>\n<p>Nous proposons une introduction compl\u00e8te \u00e0 la science des avalanches et \u00e0 leur \u00e9valuation. Cela vous aidera \u00e0 mieux comprendre les dangers potentiels sur les pentes enneig\u00e9es et \u00e0 vous pr\u00e9parer et r\u00e9agir en cons\u00e9quence.<\/p>\n<p>Nos cours d&#8217;avalanche abordent les sujets suivants, tant sur le plan th\u00e9orique que pratique\u00a0:<\/p>\n<ul>\n<li>Introduction aux types <strong>d&#8217;avalanches<\/strong><\/li>\n<li>Notions de base sur <strong>l&#8217;initiation\/la propagation des fractures<\/strong><\/li>\n<li><strong>Test de petits blocs<\/strong> et <strong>diagnostic simplifi\u00e9 de la couverture neigeuse<\/strong>\u00a0(vSSD)<\/li>\n<li><strong>Diagnostic syst\u00e9matique de l&#8217;enneigement<\/strong> (SSD)<\/li>\n<li><strong>Pens\u00e9e de processus<\/strong> (Transfert des r\u00e9sultats des tests vers la zone)<\/li>\n<li>G\u00e9rer la zone <strong>grise<\/strong><\/li>\n<\/ul>\n<p>[\/vc_column_text][\/vc_column][vc_column width=&#8221;1\/2&#8243;][vc_single_image image=&#8221;20389&#8243; img_size=&#8221;full&#8221; add_caption=&#8221;yes&#8221; alignment=&#8221;center&#8221; style=&#8221;vc_box_shadow_border&#8221; css_animation=&#8221;fadeIn&#8221;][\/vc_column][\/vc_row][vc_row][vc_column width=&#8221;1\/2&#8243;][vc_column_text css=&#8221;&#8221;]Tout d&#8217;abord, nous enseignons les bases de la science des avalanches. Outre les diff\u00e9rents types d&#8217;avalanches, vous apprendrez comment une avalanche se d\u00e9clenche, c&#8217;est-\u00e0-dire comment une rupture se produit et comment elle se propage.<\/p>\n<p>Nos cours d&#8217;avalanche vous permettront \u00e9galement d&#8217;acqu\u00e9rir une exp\u00e9rience pratique de la meilleure m\u00e9thode actuellement disponible pour \u00e9valuer une pente\u00a0: le Diagnostic Syst\u00e9matique de l&#8217;Enneigement (DSI).[\/vc_column_text][\/vc_column][vc_column width=&#8221;1\/2&#8243;][vc_column_text css=&#8221;&#8221;]Le SSD \u00e9tait <strong>Georg Kronthaler<\/strong> D\u00e9velopp\u00e9 en 1996 et utilis\u00e9 depuis 1998 par divers <strong>Inform\u00e9 par les commissions d&#8217;avalanche<\/strong>, les <strong>associations<\/strong> et les <strong>institutions<\/strong>.<\/p>\n<p>En outre, le\u00a0 &#8220;test du petit bloc&#8221; et le\u00a0 &#8220;diagnostic simplifi\u00e9 de la couverture neigeuse&#8221; d\u00e9riv\u00e9 du SSD sont \u00e9galement enseign\u00e9s.[\/vc_column_text][\/vc_column][\/vc_row][vc_row full_width=&#8221;stretch_row_content_no_spaces&#8221; parallax=&#8221;content-moving&#8221; parallax_image=&#8221;17695&#8243; css=&#8221;.vc_custom_1686663066475{margin-top: 40px !important;padding-top: 100px !important;padding-bottom: 100px !important;}&#8221;][vc_column][vc_column_text css=&#8221;&#8221;]<\/p>\n<h3 style=\"text-align: center;\">Qui dirige ce cours d&#8217;avalanche ?<\/h3>\n<p>[\/vc_column_text][\/vc_column][\/vc_row][vc_row][vc_column width=&#8221;1\/2&#8243;][vc_column_text css=&#8221;&#8221;]Nos cours d&#8217;avalanche sont dispens\u00e9s par Georg Kronthaler, expert en avalanches. Fort de ses nombreuses ann\u00e9es d&#8217;exp\u00e9rience, il vous propose une introduction compl\u00e8te \u00e0 la science des avalanches. Il a d\u00e9j\u00e0 d\u00e9velopp\u00e9 Dans les <u>ann\u00e9es 1990<\/u>, le\u00a0 &#8220;diagnostic syst\u00e9matique de l&#8217;enneigement&#8221; a \u00e9t\u00e9 d\u00e9velopp\u00e9, permettant de d\u00e9terminer le risque d&#8217;avalanche sur une seule pente avec une grande fiabilit\u00e9. Cette technique est consid\u00e9r\u00e9e comme tr\u00e8s pr\u00e9cise pour la pr\u00e9vision des avalanches. D&#8217;apr\u00e8s un ensemble de donn\u00e9es cr\u00e9\u00e9 pour un article scientifique. (Kronthaler G. ; ISSW 2009 ; Davos) a \u00e9t\u00e9 utilis\u00e9, un taux de r\u00e9ussite total de 98 % a pu \u00eatre calcul\u00e9.[\/vc_column_text][\/vc_column][vc_column width=&#8221;1\/2&#8243;][vc_column_text css=&#8221;&#8221;]Depuis, Georg Kronthaler a principalement form\u00e9 des commissions d&#8217;avalanche ou des \u00e9quipes p\u00e9dagogiques de diverses associations et institutions gr\u00e2ce \u00e0 cette m\u00e9thode. Gr\u00e2ce aux cours d&#8217;avalanche propos\u00e9s ici, il est d\u00e9sormais possible de proposer cette formation non seulement aux experts, mais aussi \u00e0 tout amateur de sports d&#8217;hiver int\u00e9ress\u00e9 et soucieux de la s\u00e9curit\u00e9.[\/vc_column_text][\/vc_column][\/vc_row][vc_row][vc_column width=&#8221;1\/2&#8243;][vc_column_text css=&#8221;&#8221;]<\/p>\n<h3>\u00c0 qui s&#8217;adresse ce cours d&#8217;avalanche ?<\/h3>\n<p>UNos cours d&#8217;avalanche conviennent \u00e0 tous ceux qui s&#8217;aventurent en terrain alpin et <u>exp\u00e9rience n\u00e9cessaire<\/u> n\u00e9cessaires \u00e0 un niveau de s\u00e9curit\u00e9 accru. Nos formations s&#8217;adressent donc <strong>Skieurs, randonneurs \u00e0 ski, randonneurs en raquettes<\/strong> et <strong>tous les autres<\/strong> qui sont en <strong>d\u00e9placement dans les montagnes<\/strong> en hiver.<\/p>\n<p>Nos cours sont con\u00e7us pour vous enseigner les bases de l&#8217;\u00e9valuation des avalanches tout en am\u00e9liorant vos comp\u00e9tences en terrain alpin. Que vous soyez d\u00e9butant ou alpiniste confirm\u00e9, nous enseignons \u00e0 chacun les comp\u00e9tences n\u00e9cessaires pour adopter un comportement prudent en neige profonde.<\/p>\n<p>Pendant la partie th\u00e9orique, les &#8220;avalanches&#8221; peuvent- <strong>D\u00e9butants<\/strong> mais <strong>professionnels<\/strong> Le contenu du cours est con\u00e7u pour convenir aussi bien aux d\u00e9butants qu&#8217;aux athl\u00e8tes exp\u00e9riment\u00e9s et pour offrir un d\u00e9fi suffisant.<\/p>\n<p>Pour participer \u00e0 la partie pratique, vous devez au moins \u00eatre capable de descendre une piste en toute s\u00e9curit\u00e9. Si la situation de risque et le niveau de ski du groupe le permettent, des descentes hors-piste sont \u00e9galement possibles.[\/vc_column_text][vc_column_text css=&#8221;&#8221;]<\/p>\n<h3>Que pouvez-vous faire apr\u00e8s le cours d&#8217;avalanche ?<\/h3>\n<p>Apr\u00e8s notre formation sur les avalanches, vous conna\u00eetrez les diff\u00e9rents types d&#8217;avalanches et comprendrez leur formation. Gr\u00e2ce \u00e0 vos connaissances en diagnostic syst\u00e9matique du manteau neigeux, vous serez capable d&#8217;utiliser l&#8217;application LARA avec aisance. De plus, vous saurez comment prendre les mesures n\u00e9cessaires en fonction des r\u00e9sultats d&#8217;un test.<\/p>\n<p>Gr\u00e2ce \u00e0 vos connaissances en diagnostic syst\u00e9matique du manteau neigeux, vous serez d\u00e9sormais capable de\u2026<\/p>\n<p>&#8230; le <a href=\"https:\/\/lara-app.com\/fr\/\">LARA-App<\/a> facile \u00e0 utiliser.<\/p>\n<p>&#8230;. le Pour mieux <strong>\u00e9valuer le danger d&#8217;avalanche<\/strong> sur le terrain en utilisant le diagnostic syst\u00e9matique de la couverture neigeuse que j&#8217;ai d\u00e9velopp\u00e9. <strong>\u00e9valuer<\/strong> et <strong>mieux comprendre les risques dans<\/strong> la nature.<\/p>\n<p>Dans notre cours sur les avalanches, vous apprendrez \u00e0 rendre vos propres activit\u00e9s et aventures de plein air plus s\u00fbres en minimisant les risques et en d\u00e9veloppant une meilleure compr\u00e9hension des dangers de la nature.[\/vc_column_text][\/vc_column][vc_column width=&#8221;1\/2&#8243;][vc_single_image image=&#8221;20393&#8243; img_size=&#8221;full&#8221; alignment=&#8221;center&#8221; style=&#8221;vc_box_shadow_border&#8221; css_animation=&#8221;fadeIn&#8221;][\/vc_column][\/vc_row][vc_row][vc_column width=&#8221;1\/2&#8243;][vc_column_text css=&#8221;&#8221;]Si vous \u00eates d\u00e9j\u00e0 expert en avalanches, vous pouvez approfondir et affiner vos connaissances et vos comp\u00e9tences pour gagner en s\u00e9curit\u00e9 et en comp\u00e9tence.<\/p>\n<p>Apr\u00e8s la formation, vous serez en mesure de d\u00e9montrer vos connaissances et votre expertise dans le secteur et de vous imposer comme un expert dans votre domaine.[\/vc_column_text][\/vc_column][vc_column width=&#8221;1\/2&#8243;][vc_column_text css=&#8221;&#8221;]Cette formation convient aussi bien aux d\u00e9butants qu&#8217;aux experts, car elle offre un large \u00e9ventail de comp\u00e9tences et de connaissances utiles \u00e0 tous les professionnels du secteur.<\/p>\n<p>Si vous \u00eates guide de haute montagne ou moniteur dans un club alpin ou une institution similaire, vous pourrez \u00e9galement transmettre les connaissances acquises \u00e0 vos clients apr\u00e8s cette formation. Vous aurez acc\u00e8s \u00e0 du mat\u00e9riel p\u00e9dagogique.[\/vc_column_text][\/vc_column][\/vc_row][vc_row][vc_column][vc_column_text css=&#8221;&#8221;]<\/p>\n<h2 style=\"text-align: center;\">Options de cours<\/h2>\n<p>[\/vc_column_text][\/vc_column][\/vc_row][vc_row][vc_column width=&#8221;1\/2&#8243;][vc_single_image image=&#8221;20395&#8243; img_size=&#8221;full&#8221; alignment=&#8221;center&#8221; style=&#8221;vc_box_shadow_border&#8221; css_animation=&#8221;fadeIn&#8221;][\/vc_column][vc_column width=&#8221;1\/2&#8243;][vc_column_text css=&#8221;&#8221;]Afin d&#8217;optimiser les r\u00e9sultats d&#8217;apprentissage et la formation pratique, la formation avalanche est divis\u00e9e en deux parties\u00a0: une partie th\u00e9orique et une partie pratique.<\/p>\n<p>Ces deux parties peuvent \u00e9galement \u00eatre suivies ind\u00e9pendamment. Nous recommandons toutefois de suivre d&#8217;abord la partie th\u00e9orique, puis la partie pratique, afin de consolider au mieux les connaissances acquises. La mise en pratique vous permet d&#8217;appliquer vos connaissances en conditions r\u00e9elles, en terrain hivernal.<\/p>\n<h4>1. Cours complet d&#8217;avalanche (2 jours)<\/h4>\n<p>\u2013&gt; 1 jour : Th\u00e9orie (principalement en ligne)<br \/>\n\u2013&gt; Jour 2 : Pratique sur le terrain<\/p>\n<p>Le cours d&#8217;avalanche de deux jours comprend plusieurs modules th\u00e9oriques le premier jour, qui peuvent \u00e9galement \u00eatre suivis en ligne. La partie th\u00e9orique commence g\u00e9n\u00e9ralement \u00e0 17h00 et se poursuit jusqu&#8217;\u00e0 21h00 environ. Le deuxi\u00e8me jour est consacr\u00e9 \u00e0 la pratique, g\u00e9n\u00e9ralement en station de ski. Cela permet d&#8217;explorer un maximum de pistes, dans des directions et \u00e0 des altitudes vari\u00e9es, sans perdre trop de temps en ascensions.<\/p>\n<h4>2. Cours d&#8217;une journ\u00e9e (th\u00e9orie uniquement \/ en ligne)<\/h4>\n<p>La partie th\u00e9orique commence g\u00e9n\u00e9ralement \u00e0 <u>17h00<u> et dure jusqu&#8217;\u00e0 <u>21h00<u> environ.<\/u><\/u><\/u><\/u><\/p>\n<h4>3. Cours d&#8217;une journ\u00e9e (pratique uniquement)<\/h4>\n<p>Le d\u00e9but de la partie pratique du stage d&#8217;avalanche d\u00e9pend du domaine skiable, c&#8217;est-\u00e0-dire de l&#8217;heure \u00e0 laquelle la premi\u00e8re ascension est possible. Selon les conditions d&#8217;enneigement, la journ\u00e9e pratique dure jusqu&#8217;\u00e0 <u>15h00<u> environ.<\/u><\/u><\/p>\n<h4>4. Groupe ferm\u00e9 \u2013 sur demande<\/h4>\n<p>Nous organisons \u00e9galement volontiers des cours d&#8217;avalanche pour des groupes priv\u00e9s, tels que des clubs alpins, des \u00e9quipes de secours en montagne, des commissions d&#8217;avalanches, etc. Vous pouvez convenir avec nous des dates, des horaires, des tarifs et du nombre de participants.<\/p>\n<h4>5. Conf\u00e9rences du soir &#8211; sur demande<\/h4>\n<p>Des conf\u00e9rences en soir\u00e9e sont \u00e9galement possibles sur demande (par exemple pour les sections du Club Alpin, le sauvetage en montagne, les commissions d&#8217;avalanches, les sections de guides de montagne, etc.).[\/vc_column_text][\/vc_column][\/vc_row][vc_row][vc_column width=&#8221;1\/6&#8243;][\/vc_column][vc_column width=&#8221;2\/3&#8243;][vc_column_text css=&#8221;&#8221;]<\/p>\n<h2 style=\"text-align: center;\">Cours pratique<\/h2>\n<p style=\"text-align: center;\">Afin de consolider et d&#8217;appliquer le contenu appris dans le cours th\u00e9orique, nous proposons un cours pratique dans diff\u00e9rents lieux.<\/p>\n<p>[\/vc_column_text][\/vc_column][vc_column width=&#8221;1\/6&#8243;][\/vc_column][\/vc_row][vc_row][vc_column width=&#8221;1\/2&#8243;][vc_column_text css=&#8221;&#8221;]<\/p>\n<h3>\u00c9quipement d&#8217;entra\u00eenement<\/h3>\n<p>Pour les journ\u00e9es pratiques, des skis ou un snowboard, ainsi qu&#8217;un \u00e9quipement de secours comme une pelle \u00e0 avalanche, une sonde d&#8217;avalanche et un DVA (d\u00e9tecteur de victimes d&#8217;avalanche) sont n\u00e9cessaires. Il est \u00e9galement utile d&#8217;emporter des peaux de phoque, car elles facilitent l&#8217;ascension.<\/p>\n<p>Pour les randonneurs en raquettes, des journ\u00e9es pratiques sp\u00e9ciales peuvent \u00eatre organis\u00e9es sur demande avec un nombre <strong>minimum de 4 participants<\/strong>.[\/vc_column_text][\/vc_column][vc_column width=&#8221;1\/2&#8243;][vc_column_text css=&#8221;&#8221;]<\/p>\n<h4>Lieux de cours pratiques d&#8217;avalanche<\/h4>\n<p>(Selon les conditions d&#8217;enneigement et les remont\u00e9es m\u00e9caniques)<\/p>\n<ol>\n<li>Waidringer Steinplatte<\/li>\n<li>Obertauern<\/li>\n<li>Garmisch-Partenkirchen<\/li>\n<li>Arlberg \u2013 Z\u00fcrs<\/li>\n<li>Kitzsteinhorn<\/li>\n<li>Jenner &#8211; Berchtesgadener Alpen<\/li>\n<\/ol>\n<p>[\/vc_column_text][\/vc_column][\/vc_row][vc_row][vc_column width=&#8221;1\/6&#8243;][\/vc_column][vc_column width=&#8221;2\/3&#8243;][vc_empty_space][vc_column_text css=&#8221;&#8221;]<\/p>\n<p style=\"text-align: center;\">Les d\u00e9tails concernant le programme exact et le programme du cours vous seront envoy\u00e9s apr\u00e8s la r\u00e9servation du cours d&#8217;avalanche. Une fois la r\u00e9servation et le paiement du cours effectu\u00e9s, nous vous contacterons pour vous confirmer la participation. Si au moins quatre personnes sont inscrites au cours d&#8217;avalanche s\u00e9lectionn\u00e9, vous recevrez un e-mail contenant des informations d\u00e9taill\u00e9es.<\/p>\n<p style=\"text-align: center;\">Si le nombre d&#8217;inscriptions est insuffisant, le montant total du cours vous sera imm\u00e9diatement rembours\u00e9.<\/p>\n<p>[\/vc_column_text][\/vc_column][vc_column width=&#8221;1\/6&#8243;][\/vc_column][\/vc_row]<\/p>\n<\/div>","protected":false},"excerpt":{"rendered":"<p>[vc_row content_placement=&#8221;middle&#8221;][vc_column width=&#8221;1\/6&#8243;][\/vc_column][vc_column width=&#8221;2\/3&#8243;][vc_column_text css=&#8221;&#8221;] R\u00e9servation de cours en ligne [\/vc_column_text][vc_btn title=&#8221;Aux cours&#8221; style=&#8221;custom&#8221; custom_background=&#8221;#529FDE&#8221; custom_text=&#8221;#FFFFFF&#8221; align=&#8221;center&#8221; css=&#8221;&#8221; link=&#8221;url:https%3A%2F%2Flara-app.com%2Fkurse%2F|title:Kurse&#8221;][\/vc_column][vc_column width=&#8221;1\/6&#8243;][\/vc_column][\/vc_row][vc_row][vc_column width=&#8221;1\/6&#8243;][\/vc_column][vc_column width=&#8221;2\/3&#8243;][vc_column_text css=&#8221;&#8221;] Les avalanches constituent l&#8217;un des plus grands dangers en terrain alpin. Elles peuvent entra\u00eener des blessures graves, voire mortelles. Il est donc important de bien comprendre les dangers des avalanches et d&#8217;apprendre [&hellip;]<\/p>\n","protected":false},"author":6,"featured_media":20387,"parent":0,"menu_order":0,"comment_status":"closed","ping_status":"closed","template":"","meta":{"footnotes":""},"class_list":["post-20521","page","type-page","status-publish","has-post-thumbnail","hentry"],"_links":{"self":[{"href":"https:\/\/lara-app.com\/fr\/wp-json\/wp\/v2\/pages\/20521","targetHints":{"allow":["GET"]}}],"collection":[{"href":"https:\/\/lara-app.com\/fr\/wp-json\/wp\/v2\/pages"}],"about":[{"href":"https:\/\/lara-app.com\/fr\/wp-json\/wp\/v2\/types\/page"}],"author":[{"embeddable":true,"href":"https:\/\/lara-app.com\/fr\/wp-json\/wp\/v2\/users\/6"}],"replies":[{"embeddable":true,"href":"https:\/\/lara-app.com\/fr\/wp-json\/wp\/v2\/comments?post=20521"}],"version-history":[{"count":0,"href":"https:\/\/lara-app.com\/fr\/wp-json\/wp\/v2\/pages\/20521\/revisions"}],"wp:featuredmedia":[{"embeddable":true,"href":"https:\/\/lara-app.com\/fr\/wp-json\/wp\/v2\/media\/20387"}],"wp:attachment":[{"href":"https:\/\/lara-app.com\/fr\/wp-json\/wp\/v2\/media?parent=20521"}],"curies":[{"name":"wp","href":"https:\/\/api.w.org\/{rel}","templated":true}]}}