{"id":20458,"date":"2024-12-20T16:59:06","date_gmt":"2024-12-20T16:59:06","guid":{"rendered":"https:\/\/lara-app.com\/?page_id=20458"},"modified":"2025-06-17T12:52:24","modified_gmt":"2025-06-17T12:52:24","slug":"disclaimerit","status":"publish","type":"page","link":"https:\/\/lara-app.com\/it\/disclaimerit\/","title":{"rendered":"Disclaimer"},"content":{"rendered":"<div class=\"wpb-content-wrapper\"><p>[vc_row][vc_column][vc_column_text css=&#8221;&#8221;]Benvenuti a LARA!<\/p>\n<p>L&#8217;osservazione del manto nevoso \u00e8 uno degli strumenti pi\u00f9 importanti per valutare il pericolo di valanghe. Tuttavia, ottenere informazioni dal manto nevoso richiede la raccolta di dati adeguati e la loro accurata valutazione, il che \u00e8 fonte di incertezza per molti alpinisti. L&#8217;app LARA offre supporto in questo processo, invitando gli utenti a inserire i dati necessari passo dopo passo e guidandoli nella propria valutazione, che possono poi confrontare con una valutazione generata da LARA sulla base dei dati inseriti. Questo fornisce informazioni locali sul manto nevoso, che possono essere un prezioso aiuto per altri alpinisti nella pianificazione delle loro escursioni, poich\u00e9 le raccomandazioni del servizio ufficiale di allerta valanghe, valide per aree molto estese, vengono integrate e rese pi\u00f9 specifiche dalle informazioni locali.<\/p>\n<p>LARA \u00e8 il risultato della &#8220;Diagnosi Sistematica del Manto Nevoso&#8221; sviluppata da Georg Kronthaler (G. Kronthaler, Sicurezza in Montagna, 2003). Questo metodo consiste, da un lato, nel cosiddetto &#8220;test a blocchi piccoli&#8221; e nella valutazione sistematica dei suoi risultati, e, dall&#8217;altro, nel cosiddetto &#8220;process thinking&#8221;, che affronta la questione della trasferibilit\u00e0 dei risultati del test a blocchi a un&#8217;area pi\u00f9 ampia. L&#8217;algoritmo alla base dell&#8217;app si basa sul lavoro scientifico e sull&#8217;esperienza maturata da Georg Kronthaler negli ultimi decenni.<\/p>\n<p><strong>LARA come ausilio nella raccolta e valutazione dei dati<\/strong><\/p>\n<p><strong>\u2714 <\/strong>La base per ottenere informazioni locali con LARA \u00e8 l&#8217;esecuzione del cosiddetto &#8220;test del piccolo blocco&#8221;, che pu\u00f2 essere utilizzato per trarre conclusioni sulle propriet\u00e0 di eventuali strati deboli e dello strato nevoso sovrastante. LARA fornisce indicazioni per un&#8217;interpretazione sistematica dei risultati del &#8220;test del piccolo blocco&#8221;.<\/p>\n<p>\u2716\u00a0Una solida conoscenza preliminare del cosiddetto &#8220;Small Block Test&#8221; \u00e8 un prerequisito per l&#8217;utilizzo di LARA e non viene fornita da LARA.<\/p>\n<p>\u2716\u00a0La misura in cui i risultati dei test di blocco possano essere trasferiti a un&#8217;area pi\u00f9 ampia richiede ulteriori considerazioni basate sul cosiddetto &#8220;process thinking&#8221;, che non rientra nell&#8217;ambito di LARA. Pertanto, LARA non rilascia alcuna dichiarazione in merito all&#8217;accessibilit\u00e0 dell&#8217;area.<\/p>\n<p><strong>LARA come strumento di controllo<\/strong><\/p>\n<p><strong>\u2714 <\/strong>L&#8217;utente pu\u00f2 confrontare la valutazione del potenziale di rischio effettuata dopo la raccolta dei dati utilizzando il \u201cSmall Block Test\u201d con una valutazione generata da LARA a fini di controllo.<\/p>\n<p>\u2716 LARA non pu\u00f2 controllare i dati immessi dall&#8217;utente, ma richiede all&#8217;utente di raccogliere dati accurati quando genera una valutazione.<\/p>\n<p><strong>LARA come fonte di informazione<\/strong><\/p>\n<p><strong>\u2714 <\/strong>I dati memorizzati in LARA, ovvero la valutazione personale del pericolo di valanghe locale da parte degli utenti attivi, nonch\u00e9 le informazioni generali disponibili sulle condizioni della neve e sulla qualit\u00e0 della neve nelle rispettive regioni, forniscono a ciascun utente una base di orientamento per la pianificazione e l&#8217;esecuzione delle proprie escursioni.<\/p>\n<p>\u2716 LARA non sostituisce il bollettino valanghe giornaliero dei servizi ufficiali di allerta valanghe, n\u00e9 la valutazione del pericolo valanghe effettuata direttamente dall&#8217;alpinista in loco. LARA non esonera inoltre l&#8217;alpinista dall&#8217;obbligo di rispettare le regole di condotta standard delle associazioni alpinistiche.<\/p>\n<p><strong>LARA per la documentazione dei processi decisionali<\/strong><\/p>\n<p><strong>\u2714 <\/strong>I decisori che necessitano di documentazione per motivi di responsabilit\u00e0 possono utilizzare LARA per stabilire la base del loro processo decisionale.<\/p>\n<p>\u2716 LARA memorizza i dati solo temporaneamente per 24 ore; per un backup permanente dei dati, l&#8217;utente deve effettuare uno screenshot del sito web o di un dispositivo mobile.<\/p>\n<p>&nbsp;<\/p>\n<p><strong>Il fornitore non si assume alcuna responsabilit\u00e0 per l&#8217;accuratezza, la qualit\u00e0, la completezza o l&#8217;affidabilit\u00e0 dei contenuti pubblicati dagli utenti. L&#8217;accesso o l&#8217;utilizzo delle aree descritte o indicate nell&#8217;app \u00e8 a vostro rischio e pericolo.<\/strong>[\/vc_column_text][\/vc_column][\/vc_row]<\/p>\n<\/div>","protected":false},"excerpt":{"rendered":"<p>[vc_row][vc_column][vc_column_text css=&#8221;&#8221;]Benvenuti a LARA! L&#8217;osservazione del manto nevoso \u00e8 uno degli strumenti pi\u00f9 importanti per valutare il pericolo di valanghe. Tuttavia, ottenere informazioni dal manto nevoso richiede la raccolta di dati adeguati e la loro accurata valutazione, il che \u00e8 fonte di incertezza per molti alpinisti. L&#8217;app LARA offre supporto in questo processo, invitando gli [&hellip;]<\/p>\n","protected":false},"author":6,"featured_media":20388,"parent":0,"menu_order":0,"comment_status":"closed","ping_status":"closed","template":"","meta":{"footnotes":""},"class_list":["post-20458","page","type-page","status-publish","has-post-thumbnail","hentry"],"_links":{"self":[{"href":"https:\/\/lara-app.com\/it\/wp-json\/wp\/v2\/pages\/20458","targetHints":{"allow":["GET"]}}],"collection":[{"href":"https:\/\/lara-app.com\/it\/wp-json\/wp\/v2\/pages"}],"about":[{"href":"https:\/\/lara-app.com\/it\/wp-json\/wp\/v2\/types\/page"}],"author":[{"embeddable":true,"href":"https:\/\/lara-app.com\/it\/wp-json\/wp\/v2\/users\/6"}],"replies":[{"embeddable":true,"href":"https:\/\/lara-app.com\/it\/wp-json\/wp\/v2\/comments?post=20458"}],"version-history":[{"count":0,"href":"https:\/\/lara-app.com\/it\/wp-json\/wp\/v2\/pages\/20458\/revisions"}],"wp:featuredmedia":[{"embeddable":true,"href":"https:\/\/lara-app.com\/it\/wp-json\/wp\/v2\/media\/20388"}],"wp:attachment":[{"href":"https:\/\/lara-app.com\/it\/wp-json\/wp\/v2\/media?parent=20458"}],"curies":[{"name":"wp","href":"https:\/\/api.w.org\/{rel}","templated":true}]}}